{"id":499,"date":"2025-04-25T15:22:11","date_gmt":"2025-04-25T15:22:11","guid":{"rendered":"https:\/\/cashtime.com\/?page_id=499"},"modified":"2026-03-03T06:09:20","modified_gmt":"2026-03-03T06:09:20","slug":"efectuar-un-pago","status":"publish","type":"page","link":"https:\/\/cashtime.com\/es\/make-a-payment\/","title":{"rendered":"Hacer un pago - Pr\u00e9stamos de t\u00edtulo y registro | Cash Time"},"content":{"rendered":"<div data-elementor-type=\"wp-page\" data-elementor-id=\"499\" class=\"elementor elementor-499\" data-elementor-post-type=\"page\">\n\t\t\t\t<div class=\"elementor-element elementor-element-e146be9 hero e-flex e-con-boxed e-con e-parent\" data-id=\"e146be9\" data-element_type=\"container\" data-e-type=\"container\" data-settings=\"{&quot;background_background&quot;:&quot;gradient&quot;}\">\n\t\t\t\t\t<div class=\"e-con-inner\">\n\t\t<div class=\"elementor-element elementor-element-5b8f07d e-flex e-con-boxed e-con e-child\" data-id=\"5b8f07d\" data-element_type=\"container\" data-e-type=\"container\">\n\t\t\t\t\t<div class=\"e-con-inner\">\n\t\t\t\t<div class=\"elementor-element elementor-element-5f1fe23 elementor-widget__width-initial elementor-widget elementor-widget-heading\" data-id=\"5f1fe23\" data-element_type=\"widget\" data-e-type=\"widget\" data-widget_type=\"heading.default\">\n\t\t\t\t<div class=\"elementor-widget-container\">\n\t\t\t\t\t<h1 class=\"elementor-heading-title elementor-size-default\">Realiza un pago de pr\u00e9stamo en l\u00ednea., <br>En la tienda o por tel\u00e9fono<\/h1>\t\t\t\t<\/div>\n\t\t\t\t<\/div>\n\t\t\t\t\t<\/div>\n\t\t\t\t<\/div>\n\t\t<div class=\"elementor-element elementor-element-0e86b8c e-grid e-con-boxed e-con e-child\" data-id=\"0e86b8c\" data-element_type=\"container\" data-e-type=\"container\">\n\t\t\t\t\t<div class=\"e-con-inner\">\n\t\t<div class=\"elementor-element elementor-element-a761189 e-con-full e-flex e-con e-child\" data-id=\"a761189\" data-element_type=\"container\" data-e-type=\"container\" data-settings=\"{&quot;background_background&quot;:&quot;classic&quot;}\">\n\t\t\t\t<div class=\"elementor-element elementor-element-ea1618f elementor-widget elementor-widget-image\" data-id=\"ea1618f\" data-element_type=\"widget\" data-e-type=\"widget\" data-widget_type=\"image.default\">\n\t\t\t\t<div class=\"elementor-widget-container\">\n\t\t\t\t\t\t\t\t\t\t\t\t\t\t\t<img decoding=\"async\" width=\"210\" height=\"210\" src=\"https:\/\/cashtime.com\/wp-content\/uploads\/2025\/04\/Mask-group-2.png\" class=\"attachment-full size-full wp-image-189\" alt=\"\" srcset=\"https:\/\/cashtime.com\/wp-content\/uploads\/2025\/04\/Mask-group-2.png 210w, https:\/\/cashtime.com\/wp-content\/uploads\/2025\/04\/Mask-group-2-150x150.png 150w, https:\/\/cashtime.com\/wp-content\/uploads\/2025\/04\/Mask-group-2-12x12.png 12w\" sizes=\"(max-width: 210px) 100vw, 210px\" \/>\t\t\t\t\t\t\t\t\t\t\t\t\t\t\t<\/div>\n\t\t\t\t<\/div>\n\t\t\t\t<div class=\"elementor-element elementor-element-b9d211e elementor-widget elementor-widget-heading\" data-id=\"b9d211e\" data-element_type=\"widget\" data-e-type=\"widget\" data-widget_type=\"heading.default\">\n\t\t\t\t<div class=\"elementor-widget-container\">\n\t\t\t\t\t<div class=\"elementor-heading-title elementor-size-default\">Pagar en l\u00ednea<\/div>\t\t\t\t<\/div>\n\t\t\t\t<\/div>\n\t\t\t\t<div class=\"elementor-element elementor-element-bc8b9fe elementor-widget elementor-widget-text-editor\" data-id=\"bc8b9fe\" data-element_type=\"widget\" data-e-type=\"widget\" data-widget_type=\"text-editor.default\">\n\t\t\t\t<div class=\"elementor-widget-container\">\n\t\t\t\t\t\t\t\t\t<p><strong>Tarjetas de d\u00e9bito y cheques electr\u00f3nicos (ACH)<br \/><\/strong>Pague en cualquier momento y con cualquier dispositivo.<\/p>\t\t\t\t\t\t\t\t<\/div>\n\t\t\t\t<\/div>\n\t\t\t\t<div class=\"elementor-element elementor-element-228b5a8 elementor-widget elementor-widget-image\" data-id=\"228b5a8\" data-element_type=\"widget\" data-e-type=\"widget\" data-widget_type=\"image.default\">\n\t\t\t\t<div class=\"elementor-widget-container\">\n\t\t\t\t\t\t\t\t\t\t\t\t\t\t\t<img decoding=\"async\" width=\"91\" height=\"20\" src=\"https:\/\/cashtime.com\/wp-content\/uploads\/2025\/04\/cash-play-apple.png\" class=\"attachment-large size-large wp-image-501\" alt=\"\" srcset=\"https:\/\/cashtime.com\/wp-content\/uploads\/2025\/04\/cash-play-apple.png 91w, https:\/\/cashtime.com\/wp-content\/uploads\/2025\/04\/cash-play-apple-18x4.png 18w\" sizes=\"(max-width: 91px) 100vw, 91px\" \/>\t\t\t\t\t\t\t\t\t\t\t\t\t\t\t<\/div>\n\t\t\t\t<\/div>\n\t\t\t\t<div class=\"elementor-element elementor-element-c6de234 elementor-align-center elementor-widget elementor-widget-button\" data-id=\"c6de234\" data-element_type=\"widget\" data-e-type=\"widget\" data-widget_type=\"button.default\">\n\t\t\t\t<div class=\"elementor-widget-container\">\n\t\t\t\t\t\t\t\t\t<div class=\"elementor-button-wrapper\">\n\t\t\t\t\t<a class=\"elementor-button elementor-button-link elementor-size-sm\" href=\"https:\/\/mycashtimeloan.com\/login\" target=\"_blank\">\n\t\t\t\t\t\t<span class=\"elementor-button-content-wrapper\">\n\t\t\t\t\t\t\t\t\t<span class=\"elementor-button-text\">Realizar el pago<\/span>\n\t\t\t\t\t<\/span>\n\t\t\t\t\t<\/a>\n\t\t\t\t<\/div>\n\t\t\t\t\t\t\t\t<\/div>\n\t\t\t\t<\/div>\n\t\t\t\t<\/div>\n\t\t<div class=\"elementor-element elementor-element-6357dc9 e-con-full e-flex e-con e-child\" data-id=\"6357dc9\" data-element_type=\"container\" data-e-type=\"container\" data-settings=\"{&quot;background_background&quot;:&quot;classic&quot;}\">\n\t\t\t\t<div class=\"elementor-element elementor-element-8f6a614 elementor-widget elementor-widget-image\" data-id=\"8f6a614\" data-element_type=\"widget\" data-e-type=\"widget\" data-widget_type=\"image.default\">\n\t\t\t\t<div class=\"elementor-widget-container\">\n\t\t\t\t\t\t\t\t\t\t\t\t\t\t\t<img decoding=\"async\" width=\"210\" height=\"210\" src=\"https:\/\/cashtime.com\/wp-content\/uploads\/2025\/04\/Mask-group-3.png\" class=\"attachment-full size-full wp-image-190\" alt=\"\" srcset=\"https:\/\/cashtime.com\/wp-content\/uploads\/2025\/04\/Mask-group-3.png 210w, https:\/\/cashtime.com\/wp-content\/uploads\/2025\/04\/Mask-group-3-150x150.png 150w, https:\/\/cashtime.com\/wp-content\/uploads\/2025\/04\/Mask-group-3-12x12.png 12w\" sizes=\"(max-width: 210px) 100vw, 210px\" \/>\t\t\t\t\t\t\t\t\t\t\t\t\t\t\t<\/div>\n\t\t\t\t<\/div>\n\t\t\t\t<div class=\"elementor-element elementor-element-9f89328 elementor-widget elementor-widget-heading\" data-id=\"9f89328\" data-element_type=\"widget\" data-e-type=\"widget\" data-widget_type=\"heading.default\">\n\t\t\t\t<div class=\"elementor-widget-container\">\n\t\t\t\t\t<div class=\"elementor-heading-title elementor-size-default\">Pagar en tienda<\/div>\t\t\t\t<\/div>\n\t\t\t\t<\/div>\n\t\t\t\t<div class=\"elementor-element elementor-element-8ad8065 elementor-widget elementor-widget-text-editor\" data-id=\"8ad8065\" data-element_type=\"widget\" data-e-type=\"widget\" data-widget_type=\"text-editor.default\">\n\t\t\t\t<div class=\"elementor-widget-container\">\n\t\t\t\t\t\t\t\t\t<p><b>Se aceptan cheques, tarjetas de d\u00e9bito, giros postales y efectivo.<\/b><\/p>\t\t\t\t\t\t\t\t<\/div>\n\t\t\t\t<\/div>\n\t\t\t\t<div class=\"elementor-element elementor-element-973db2c elementor-align-center elementor-widget elementor-widget-button\" data-id=\"973db2c\" data-element_type=\"widget\" data-e-type=\"widget\" data-widget_type=\"button.default\">\n\t\t\t\t<div class=\"elementor-widget-container\">\n\t\t\t\t\t\t\t\t\t<div class=\"elementor-button-wrapper\">\n\t\t\t\t\t<a class=\"elementor-button elementor-button-link elementor-size-sm\" href=\"https:\/\/cashtime.com\/es\/arizona\/\">\n\t\t\t\t\t\t<span class=\"elementor-button-content-wrapper\">\n\t\t\t\t\t\t\t\t\t<span class=\"elementor-button-text\">Buscar mi ubicaci\u00f3n<\/span>\n\t\t\t\t\t<\/span>\n\t\t\t\t\t<\/a>\n\t\t\t\t<\/div>\n\t\t\t\t\t\t\t\t<\/div>\n\t\t\t\t<\/div>\n\t\t\t\t<\/div>\n\t\t<div class=\"elementor-element elementor-element-f6f41fc e-con-full e-flex e-con e-child\" data-id=\"f6f41fc\" data-element_type=\"container\" data-e-type=\"container\" data-settings=\"{&quot;background_background&quot;:&quot;classic&quot;}\">\n\t\t\t\t<div class=\"elementor-element elementor-element-a673303 elementor-widget elementor-widget-image\" data-id=\"a673303\" data-element_type=\"widget\" data-e-type=\"widget\" data-widget_type=\"image.default\">\n\t\t\t\t<div class=\"elementor-widget-container\">\n\t\t\t\t\t\t\t\t\t\t\t\t\t\t\t<img loading=\"lazy\" decoding=\"async\" width=\"210\" height=\"210\" src=\"https:\/\/cashtime.com\/wp-content\/uploads\/2025\/04\/Mask-group-1.png\" class=\"attachment-full size-full wp-image-188\" alt=\"\" srcset=\"https:\/\/cashtime.com\/wp-content\/uploads\/2025\/04\/Mask-group-1.png 210w, https:\/\/cashtime.com\/wp-content\/uploads\/2025\/04\/Mask-group-1-150x150.png 150w, https:\/\/cashtime.com\/wp-content\/uploads\/2025\/04\/Mask-group-1-12x12.png 12w\" sizes=\"(max-width: 210px) 100vw, 210px\" \/>\t\t\t\t\t\t\t\t\t\t\t\t\t\t\t<\/div>\n\t\t\t\t<\/div>\n\t\t\t\t<div class=\"elementor-element elementor-element-330fc20 elementor-widget elementor-widget-heading\" data-id=\"330fc20\" data-element_type=\"widget\" data-e-type=\"widget\" data-widget_type=\"heading.default\">\n\t\t\t\t<div class=\"elementor-widget-container\">\n\t\t\t\t\t<div class=\"elementor-heading-title elementor-size-default\">Pagar por tel\u00e9fono<\/div>\t\t\t\t<\/div>\n\t\t\t\t<\/div>\n\t\t\t\t<div class=\"elementor-element elementor-element-44de9f6 elementor-widget elementor-widget-text-editor\" data-id=\"44de9f6\" data-element_type=\"widget\" data-e-type=\"widget\" data-widget_type=\"text-editor.default\">\n\t\t\t\t<div class=\"elementor-widget-container\">\n\t\t\t\t\t\t\t\t\t<b>Tarjetas de d\u00e9bito y ACH<\/b>\n<br>Se aceptan pagos en horario de oficina.\n\t\t\t\t\t\t\t\t<\/div>\n\t\t\t\t<\/div>\n\t\t\t\t<div class=\"elementor-element elementor-element-4211dcb elementor-align-center elementor-widget elementor-widget-button\" data-id=\"4211dcb\" data-element_type=\"widget\" data-e-type=\"widget\" data-widget_type=\"button.default\">\n\t\t\t\t<div class=\"elementor-widget-container\">\n\t\t\t\t\t\t\t\t\t<div class=\"elementor-button-wrapper\">\n\t\t\t\t\t<a class=\"elementor-button elementor-button-link elementor-size-sm\" href=\"tel:%206025123000\">\n\t\t\t\t\t\t<span class=\"elementor-button-content-wrapper\">\n\t\t\t\t\t\t<span class=\"elementor-button-icon\">\n\t\t\t\t<svg xmlns=\"http:\/\/www.w3.org\/2000\/svg\" width=\"23\" height=\"24\" viewbox=\"0 0 23 24\" fill=\"none\"><path d=\"M4.39975 0.0201748C3.74251 0.0879295 3.09069 0.411797 2.59335 0.831876C2.05807 1.28177 0.506441 2.80896 0.248965 3.38216C-0.0857543 4.12611 -0.0451001 4.87683 0.148684 5.65059C0.612141 7.503 2.7126 10.1129 3.88615 11.7051C6.9718 15.891 12.0238 22.1665 17.3915 23.1638C18.6328 23.3942 19.4242 23.2953 20.3836 22.4524C21.0449 21.8711 22.4271 20.5376 22.7348 19.7625C23.8866 16.8599 21.0083 15.2839 19.4377 13.4112C18.958 12.983 18.3509 12.8692 17.756 13.1361C16.6936 13.6131 15.5905 14.5685 14.5253 15.0915C13.7082 15.4926 13.2447 15.1525 12.5211 14.7528C10.8055 13.8028 9.38937 12.4017 8.45703 10.6739C8.06811 9.95436 7.66699 9.3649 8.08572 8.55591C8.6332 7.50165 9.68885 6.33762 10.1537 5.29149C10.4003 4.73726 10.2892 4.11391 9.88806 3.66673C8.20362 2.19781 6.98806 -0.246779 4.39975 0.0201748ZM11.7947 1.63816C12.0238 1.86717 12.7203 1.80619 13.0564 1.85497C16.2775 2.32112 19.0461 4.30227 20.366 7.29432C20.9338 8.58301 21.1411 9.88797 21.2184 11.2891C21.5043 11.781 22.2063 11.6333 22.293 11.0804C22.3241 10.8812 22.2686 10.3433 22.2469 10.1143C21.8227 5.60452 18.4579 1.79941 14.0158 0.89421C13.5293 0.795288 12.5631 0.616416 12.0956 0.688236C11.6281 0.760056 11.479 1.32377 11.7934 1.63816H11.7947ZM11.9099 3.36048C11.395 3.47566 11.3746 4.36596 12.1471 4.45946C15.7734 4.89851 18.0921 6.90405 18.5162 10.6455C18.5569 11.0073 18.4349 11.5141 18.981 11.5886C19.6112 11.674 19.6491 11.1103 19.6328 10.6428C19.5312 7.67781 17.4064 4.8687 14.6636 3.83341C14.0172 3.58949 12.5631 3.21413 11.9099 3.36048ZM11.9113 6.02866C11.3462 6.133 11.3326 6.984 11.872 7.11138C12.3734 7.23063 12.7921 7.18998 13.3287 7.40001C15.0118 8.05452 15.5796 9.30799 15.8087 10.9802C15.932 11.8854 16.9226 11.7715 16.947 10.9937C16.9971 9.44485 16.0038 7.75505 14.7516 6.89863C14.1039 6.45687 12.6878 5.88638 11.9126 6.02866H11.9113Z\" fill=\"white\"><\/path><\/svg>\t\t\t<\/span>\n\t\t\t\t\t\t\t\t\t<span class=\"elementor-button-text\">Llame al 602-512-3000<\/span>\n\t\t\t\t\t<\/span>\n\t\t\t\t\t<\/a>\n\t\t\t\t<\/div>\n\t\t\t\t\t\t\t\t<\/div>\n\t\t\t\t<\/div>\n\t\t\t\t<\/div>\n\t\t\t\t\t<\/div>\n\t\t\t\t<\/div>\n\t\t\t\t\t<\/div>\n\t\t\t\t<\/div>\n\t\t<div class=\"elementor-element elementor-element-713a018 e-flex e-con-boxed e-con e-parent\" data-id=\"713a018\" data-element_type=\"container\" data-e-type=\"container\" id=\"map\" data-settings=\"{&quot;background_background&quot;:&quot;classic&quot;}\">\n\t\t\t\t\t<div class=\"e-con-inner\">\n\t\t\t\t<div class=\"elementor-element elementor-element-ef067dc elementor-widget elementor-widget-spacer\" data-id=\"ef067dc\" data-element_type=\"widget\" data-e-type=\"widget\" data-widget_type=\"spacer.default\">\n\t\t\t\t<div class=\"elementor-widget-container\">\n\t\t\t\t\t\t\t<div class=\"elementor-spacer\">\n\t\t\t<div class=\"elementor-spacer-inner\"><\/div>\n\t\t<\/div>\n\t\t\t\t\t\t<\/div>\n\t\t\t\t<\/div>\n\t\t\t\t\t<\/div>\n\t\t\t\t<\/div>\n\t\t<div class=\"elementor-element elementor-element-9f2ef47 e-con-full e-flex e-con e-parent\" data-id=\"9f2ef47\" data-element_type=\"container\" data-e-type=\"container\">\n\t\t\t\t<div class=\"elementor-element elementor-element-c7e9e51 elementor-widget elementor-widget-html\" data-id=\"c7e9e51\" data-element_type=\"widget\" data-e-type=\"widget\" data-widget_type=\"html.default\">\n\t\t\t\t<div class=\"elementor-widget-container\">\n\t\t\t\t\t<!-- Elfsight Store Locator | Store Locator -->\r\n<script src=\"https:\/\/static.elfsight.com\/platform\/platform.js\" async><\/script>\r\n<div class=\"elfsight-app-a3897421-6c33-49cb-abf6-78e29e86fd40\" data-elfsight-app-lazy><\/div>\t\t\t\t<\/div>\n\t\t\t\t<\/div>\n\t\t\t\t<\/div>\n\t\t\t\t<\/div>","protected":false},"excerpt":{"rendered":"<p>Make a Loan Payment Online, In-Store, or By Phone! Pay Online Debit Cards &amp; Electronic Checks (ACH)Pay Anytime With Any [&hellip;]<\/p>\n","protected":false},"author":3,"featured_media":0,"parent":0,"menu_order":0,"comment_status":"closed","ping_status":"closed","template":"","meta":{"_acf_changed":false,"inline_featured_image":false,"site-sidebar-layout":"no-sidebar","site-content-layout":"","ast-site-content-layout":"full-width-container","site-content-style":"default","site-sidebar-style":"default","ast-global-header-display":"","ast-banner-title-visibility":"","ast-main-header-display":"","ast-hfb-above-header-display":"","ast-hfb-below-header-display":"","ast-hfb-mobile-header-display":"","site-post-title":"disabled","ast-breadcrumbs-content":"","ast-featured-img":"disabled","footer-sml-layout":"","ast-disable-related-posts":"","theme-transparent-header-meta":"default","adv-header-id-meta":"","stick-header-meta":"","header-above-stick-meta":"","header-main-stick-meta":"","header-below-stick-meta":"","astra-migrate-meta-layouts":"set","ast-page-background-enabled":"default","ast-page-background-meta":{"desktop":{"background-color":"var(--ast-global-color-5)","background-image":"","background-repeat":"repeat","background-position":"center center","background-size":"auto","background-attachment":"scroll","background-type":"","background-media":"","overlay-type":"","overlay-color":"","overlay-opacity":"","overlay-gradient":""},"tablet":{"background-color":"","background-image":"","background-repeat":"repeat","background-position":"center center","background-size":"auto","background-attachment":"scroll","background-type":"","background-media":"","overlay-type":"","overlay-color":"","overlay-opacity":"","overlay-gradient":""},"mobile":{"background-color":"","background-image":"","background-repeat":"repeat","background-position":"center center","background-size":"auto","background-attachment":"scroll","background-type":"","background-media":"","overlay-type":"","overlay-color":"","overlay-opacity":"","overlay-gradient":""}},"ast-content-background-meta":{"desktop":{"background-color":"var(--ast-global-color-4)","background-image":"","background-repeat":"repeat","background-position":"center center","background-size":"auto","background-attachment":"scroll","background-type":"","background-media":"","overlay-type":"","overlay-color":"","overlay-opacity":"","overlay-gradient":""},"tablet":{"background-color":"var(--ast-global-color-4)","background-image":"","background-repeat":"repeat","background-position":"center center","background-size":"auto","background-attachment":"scroll","background-type":"","background-media":"","overlay-type":"","overlay-color":"","overlay-opacity":"","overlay-gradient":""},"mobile":{"background-color":"var(--ast-global-color-4)","background-image":"","background-repeat":"repeat","background-position":"center center","background-size":"auto","background-attachment":"scroll","background-type":"","background-media":"","overlay-type":"","overlay-color":"","overlay-opacity":"","overlay-gradient":""}},"footnotes":""},"class_list":["post-499","page","type-page","status-publish","hentry"],"acf":[],"yoast_head":"<!-- This site is optimized with the Yoast SEO plugin v27.5 - https:\/\/yoast.com\/product\/yoast-seo-wordpress\/ -->\n<title>Loan Payment Options - Online, In-Store, By Phone | Cash Time<\/title>\n<meta name=\"description\" content=\"Cash Time makes it easy to pay your loan online, in-store, or by phone. Choose secure, flexible payment options to help you stay on track with your loan.\" \/>\n<meta name=\"robots\" content=\"index, follow, max-snippet:-1, max-image-preview:large, max-video-preview:-1\" \/>\n<link rel=\"canonical\" href=\"https:\/\/cashtime.com\/es\/efectuar-un-pago\/\" \/>\n<meta property=\"og:locale\" content=\"es_MX\" \/>\n<meta property=\"og:type\" content=\"article\" \/>\n<meta property=\"og:title\" content=\"Loan Payment Options - Online, In-Store, By Phone | Cash Time\" \/>\n<meta property=\"og:description\" content=\"Cash Time makes it easy to pay your loan online, in-store, or by phone. Choose secure, flexible payment options to help you stay on track with your loan.\" \/>\n<meta property=\"og:url\" content=\"https:\/\/cashtime.com\/es\/efectuar-un-pago\/\" \/>\n<meta property=\"og:site_name\" content=\"Cash Time Loan Centers\" \/>\n<meta property=\"article:publisher\" content=\"https:\/\/www.facebook.com\/CashTimeExpressMainSt\/\" \/>\n<meta property=\"article:modified_time\" content=\"2026-03-03T06:09:20+00:00\" \/>\n<meta property=\"og:image\" content=\"https:\/\/cashtime.com\/wp-content\/uploads\/2025\/04\/Mask-group-2.png\" \/>\n\t<meta property=\"og:image:width\" content=\"210\" \/>\n\t<meta property=\"og:image:height\" content=\"210\" \/>\n\t<meta property=\"og:image:type\" content=\"image\/png\" \/>\n<meta name=\"twitter:card\" content=\"summary_large_image\" \/>\n<meta name=\"twitter:label1\" content=\"Est. reading time\" \/>\n\t<meta name=\"twitter:data1\" content=\"5 minutos\" \/>\n<script type=\"application\/ld+json\" class=\"yoast-schema-graph\">{\"@context\":\"https:\\\/\\\/schema.org\",\"@graph\":[{\"@type\":\"WebPage\",\"@id\":\"https:\\\/\\\/cashtime.com\\\/make-a-payment\\\/\",\"url\":\"https:\\\/\\\/cashtime.com\\\/make-a-payment\\\/\",\"name\":\"Loan Payment Options - Online, In-Store, By Phone | Cash Time\",\"isPartOf\":{\"@id\":\"https:\\\/\\\/cashtime.com\\\/#website\"},\"primaryImageOfPage\":{\"@id\":\"https:\\\/\\\/cashtime.com\\\/make-a-payment\\\/#primaryimage\"},\"image\":{\"@id\":\"https:\\\/\\\/cashtime.com\\\/make-a-payment\\\/#primaryimage\"},\"thumbnailUrl\":\"https:\\\/\\\/cashtime.com\\\/wp-content\\\/uploads\\\/2025\\\/04\\\/Mask-group-2.png\",\"datePublished\":\"2025-04-25T15:22:11+00:00\",\"dateModified\":\"2026-03-03T06:09:20+00:00\",\"description\":\"Cash Time makes it easy to pay your loan online, in-store, or by phone. Choose secure, flexible payment options to help you stay on track with your loan.\",\"breadcrumb\":{\"@id\":\"https:\\\/\\\/cashtime.com\\\/make-a-payment\\\/#breadcrumb\"},\"inLanguage\":\"es\",\"potentialAction\":[{\"@type\":\"ReadAction\",\"target\":[\"https:\\\/\\\/cashtime.com\\\/make-a-payment\\\/\"]}]},{\"@type\":\"ImageObject\",\"inLanguage\":\"es\",\"@id\":\"https:\\\/\\\/cashtime.com\\\/make-a-payment\\\/#primaryimage\",\"url\":\"https:\\\/\\\/cashtime.com\\\/wp-content\\\/uploads\\\/2025\\\/04\\\/Mask-group-2.png\",\"contentUrl\":\"https:\\\/\\\/cashtime.com\\\/wp-content\\\/uploads\\\/2025\\\/04\\\/Mask-group-2.png\"},{\"@type\":\"BreadcrumbList\",\"@id\":\"https:\\\/\\\/cashtime.com\\\/make-a-payment\\\/#breadcrumb\",\"itemListElement\":[{\"@type\":\"ListItem\",\"position\":1,\"name\":\"Home\",\"item\":\"https:\\\/\\\/cashtime.com\\\/\"},{\"@type\":\"ListItem\",\"position\":2,\"name\":\"Make a Payment &#8211; Title &#038; Registration Loans | Cash Time\"}]},{\"@type\":\"WebSite\",\"@id\":\"https:\\\/\\\/cashtime.com\\\/#website\",\"url\":\"https:\\\/\\\/cashtime.com\\\/\",\"name\":\"Cash Time Loan Centers\",\"description\":\"\",\"publisher\":{\"@id\":\"https:\\\/\\\/cashtime.com\\\/#organization\"},\"potentialAction\":[{\"@type\":\"SearchAction\",\"target\":{\"@type\":\"EntryPoint\",\"urlTemplate\":\"https:\\\/\\\/cashtime.com\\\/?s={search_term_string}\"},\"query-input\":{\"@type\":\"PropertyValueSpecification\",\"valueRequired\":true,\"valueName\":\"search_term_string\"}}],\"inLanguage\":\"es\"},{\"@type\":\"Organization\",\"@id\":\"https:\\\/\\\/cashtime.com\\\/#organization\",\"name\":\"Cash Time Loan Centers\",\"url\":\"https:\\\/\\\/cashtime.com\\\/\",\"logo\":{\"@type\":\"ImageObject\",\"inLanguage\":\"es\",\"@id\":\"https:\\\/\\\/cashtime.com\\\/#\\\/schema\\\/logo\\\/image\\\/\",\"url\":\"https:\\\/\\\/cashtime.com\\\/wp-content\\\/uploads\\\/2025\\\/05\\\/Flat_Cash_Time_Logo_-_Websafe_-_Optimized-1.svg\",\"contentUrl\":\"https:\\\/\\\/cashtime.com\\\/wp-content\\\/uploads\\\/2025\\\/05\\\/Flat_Cash_Time_Logo_-_Websafe_-_Optimized-1.svg\",\"width\":3570,\"height\":1003,\"caption\":\"Cash Time Loan Centers\"},\"image\":{\"@id\":\"https:\\\/\\\/cashtime.com\\\/#\\\/schema\\\/logo\\\/image\\\/\"},\"sameAs\":[\"https:\\\/\\\/www.facebook.com\\\/CashTimeExpressMainSt\\\/\",\"https:\\\/\\\/www.instagram.com\\\/cashtimeloans\\\/?hl=en\",\"https:\\\/\\\/www.tiktok.com\\\/@cashtimetitleloans\"]}]}<\/script>\n<!-- \/ Yoast SEO plugin. -->","yoast_head_json":{"title":"Opciones de Pago de Pr\u00e9stamos - En l\u00ednea, en tienda, por tel\u00e9fono | Cash Time","description":"Cash Time facilita el pago de tu pr\u00e9stamo en l\u00ednea, en tienda o por tel\u00e9fono. Elige opciones de pago seguras y flexibles para ayudarte a mantenerte al d\u00eda con tu pr\u00e9stamo.","robots":{"index":"index","follow":"follow","max-snippet":"max-snippet:-1","max-image-preview":"max-image-preview:large","max-video-preview":"max-video-preview:-1"},"canonical":"https:\/\/cashtime.com\/es\/efectuar-un-pago\/","og_locale":"es_MX","og_type":"article","og_title":"Loan Payment Options - Online, In-Store, By Phone | Cash Time","og_description":"Cash Time makes it easy to pay your loan online, in-store, or by phone. Choose secure, flexible payment options to help you stay on track with your loan.","og_url":"https:\/\/cashtime.com\/es\/efectuar-un-pago\/","og_site_name":"Cash Time Loan Centers","article_publisher":"https:\/\/www.facebook.com\/CashTimeExpressMainSt\/","article_modified_time":"2026-03-03T06:09:20+00:00","og_image":[{"width":210,"height":210,"url":"https:\/\/cashtime.com\/wp-content\/uploads\/2025\/04\/Mask-group-2.png","type":"image\/png"}],"twitter_card":"summary_large_image","twitter_misc":{"Est. reading time":"5 minutos"},"schema":{"@context":"https:\/\/schema.org","@graph":[{"@type":"WebPage","@id":"https:\/\/cashtime.com\/make-a-payment\/","url":"https:\/\/cashtime.com\/make-a-payment\/","name":"Opciones de Pago de Pr\u00e9stamos - En l\u00ednea, en tienda, por tel\u00e9fono | Cash Time","isPartOf":{"@id":"https:\/\/cashtime.com\/#website"},"primaryImageOfPage":{"@id":"https:\/\/cashtime.com\/make-a-payment\/#primaryimage"},"image":{"@id":"https:\/\/cashtime.com\/make-a-payment\/#primaryimage"},"thumbnailUrl":"https:\/\/cashtime.com\/wp-content\/uploads\/2025\/04\/Mask-group-2.png","datePublished":"2025-04-25T15:22:11+00:00","dateModified":"2026-03-03T06:09:20+00:00","description":"Cash Time facilita el pago de tu pr\u00e9stamo en l\u00ednea, en tienda o por tel\u00e9fono. Elige opciones de pago seguras y flexibles para ayudarte a mantenerte al d\u00eda con tu pr\u00e9stamo.","breadcrumb":{"@id":"https:\/\/cashtime.com\/make-a-payment\/#breadcrumb"},"inLanguage":"es","potentialAction":[{"@type":"ReadAction","target":["https:\/\/cashtime.com\/make-a-payment\/"]}]},{"@type":"ImageObject","inLanguage":"es","@id":"https:\/\/cashtime.com\/make-a-payment\/#primaryimage","url":"https:\/\/cashtime.com\/wp-content\/uploads\/2025\/04\/Mask-group-2.png","contentUrl":"https:\/\/cashtime.com\/wp-content\/uploads\/2025\/04\/Mask-group-2.png"},{"@type":"BreadcrumbList","@id":"https:\/\/cashtime.com\/make-a-payment\/#breadcrumb","itemListElement":[{"@type":"ListItem","position":1,"name":"Home","item":"https:\/\/cashtime.com\/"},{"@type":"ListItem","position":2,"name":"Make a Payment &#8211; Title &#038; Registration Loans | Cash Time"}]},{"@type":"WebSite","@id":"https:\/\/cashtime.com\/#website","url":"https:\/\/cashtime.com\/","name":"Centros de Pr\u00e9stamo Cash Time","description":"","publisher":{"@id":"https:\/\/cashtime.com\/#organization"},"potentialAction":[{"@type":"SearchAction","target":{"@type":"EntryPoint","urlTemplate":"https:\/\/cashtime.com\/?s={search_term_string}"},"query-input":{"@type":"PropertyValueSpecification","valueRequired":true,"valueName":"search_term_string"}}],"inLanguage":"es"},{"@type":"Organization","@id":"https:\/\/cashtime.com\/#organization","name":"Centros de Pr\u00e9stamo Cash Time","url":"https:\/\/cashtime.com\/","logo":{"@type":"ImageObject","inLanguage":"es","@id":"https:\/\/cashtime.com\/#\/schema\/logo\/image\/","url":"https:\/\/cashtime.com\/wp-content\/uploads\/2025\/05\/Flat_Cash_Time_Logo_-_Websafe_-_Optimized-1.svg","contentUrl":"https:\/\/cashtime.com\/wp-content\/uploads\/2025\/05\/Flat_Cash_Time_Logo_-_Websafe_-_Optimized-1.svg","width":3570,"height":1003,"caption":"Cash Time Loan Centers"},"image":{"@id":"https:\/\/cashtime.com\/#\/schema\/logo\/image\/"},"sameAs":["https:\/\/www.facebook.com\/CashTimeExpressMainSt\/","https:\/\/www.instagram.com\/cashtimeloans\/?hl=en","https:\/\/www.tiktok.com\/@cashtimetitleloans"]}]}},"featured_image_src":null,"featured_image_src_square":null,"_links":{"self":[{"href":"https:\/\/cashtime.com\/es\/wp-json\/wp\/v2\/pages\/499","targetHints":{"allow":["GET"]}}],"collection":[{"href":"https:\/\/cashtime.com\/es\/wp-json\/wp\/v2\/pages"}],"about":[{"href":"https:\/\/cashtime.com\/es\/wp-json\/wp\/v2\/types\/page"}],"author":[{"embeddable":true,"href":"https:\/\/cashtime.com\/es\/wp-json\/wp\/v2\/users\/3"}],"replies":[{"embeddable":true,"href":"https:\/\/cashtime.com\/es\/wp-json\/wp\/v2\/comments?post=499"}],"version-history":[{"count":0,"href":"https:\/\/cashtime.com\/es\/wp-json\/wp\/v2\/pages\/499\/revisions"}],"wp:attachment":[{"href":"https:\/\/cashtime.com\/es\/wp-json\/wp\/v2\/media?parent=499"}],"curies":[{"name":"la hora de","href":"https:\/\/api.w.org\/{rel}","templated":true}]}}